{"id":79140,"date":"2025-02-05T11:29:07","date_gmt":"2025-02-05T11:29:07","guid":{"rendered":"https:\/\/neboaconcept.com\/product\/atlantic-port-ii\/"},"modified":"2025-02-05T11:29:07","modified_gmt":"2025-02-05T11:29:07","slug":"atlantic-port-ii","status":"publish","type":"product","link":"https:\/\/neboaconcept.com\/es\/product\/atlantic-port-ii\/","title":{"rendered":"Atlantic Port II"},"content":{"rendered":"<p>Puri D\u00edaz naci\u00f3 y creci\u00f3 en Vigo (Galicia), una ciudad Atl\u00e1ntica con car\u00e1cter industrial pero rodeada de espectaculares playas de arena blanca y frondosos bosques.<br \/>\nPuri desde peque\u00f1a siempre quiso tener una profesi\u00f3n creativa y estudi\u00f3 Bellas Artes en Barcelona, ciudad donde la vida la llev\u00f3 antes de regresar de nuevo a Vigo.<br \/>\nSe cri\u00f3 rodeada de fotos, pinturas, dibujos y barcos hechos por su bisabuelo en un peque\u00f1o taller.<br \/>\nLe encanta el olor a mar y a caf\u00e9.<br \/>\nY es justo al lado del mar donde vive y donde se inspir\u00f3 para esta serie de fotograf\u00edas.<br \/>\nEs el barrio de Bouzas en Vigo, al lado del puerto, donde Puri pase\u00f3 y retrat\u00f3 las pieles de los grandes buques mientras reposaban despu\u00e9s de sus traves\u00edas. Como ella dice \u201cDisfruto paseando y observando las \u201ccicatrices de sus pieles\u201d. Lo que el mar les hace y c\u00f3mo los transforma.\u201d<br \/>\nY justo esas pieles de acero con sus cicatrices despu\u00e9s de meses en el mar es el resultado de esta maravillosa colecci\u00f3n con sabor a sal y olor a mar.<\/p>\n<p>&nbsp;<\/p>\n<p><strong>Detalles del producto:<\/strong><br \/>\nElige el Papel: Papel Hahnemu\u0308hle Photo Rag Satin 310 g | Papel Hanhenm\u00fchle Photo Rag Ultra Smooth de 305g | Papel Canson Infinity Platine Fiber Rag 310 g<\/p>\n<p>Cada papel es especial, si tienes dudas escr\u00edbenos a elena@neboaconcept.com y te ayudamos.<\/p>\n<p>Elige el mejor tama\u00f1o: 20&#215;30 \/ 30&#215;40 \/40&#215;60 \/ 70&#215;100<\/p>\n<p><strong>Entrega:<\/strong><\/p>\n<p>Origen: Europa.<\/p>\n<p>Cuando compres te calcular\u00e1 el precio seg\u00fan tu ubicaci\u00f3n.<\/p>\n<p>Cada obra ser\u00e1 envuelta de forma individual y con mucha delicadeza para que llegue a su destino en las mejores condiciones.<\/p>\n<p>Si vives en Vigo o alrededores puedes venir a recogerlo en nuestro espacio &#8220;Lar Atl\u00e1ntica&#8221;. Escribe un email a elena@neboaconcept.com y fijamos una hora de recogida, cuando mejor te venga.<\/p>\n","protected":false},"excerpt":{"rendered":"<p>The ATLANTIC PORT series are made by Puri D\u00edaz exclusively for N\u00e9boa concept.<\/p>\n<p><strong>About the Artist:<\/strong><\/p>\n<p>Puri D\u00edaz was born&amp;raised in Vigo (Galicia), an Atlantic city with an industrial character but surrounded by spectacular white sand beaches and lush forests.<\/p>\n<p>Puri always wanted to have a creative profession since she was a child and studied Fine Arts in Barcelona, where life took her before returning to Vigo.<\/p>\n<p>She grew up surrounded by photos, paintings, drawings and boats made by her great-grandfather in a small workshop<\/p>\n<p>She loves the smell of the sea and coffee.<\/p>\n<p>And it is right next to the sea where she lives and where she was inspired for this series of photographs.<\/p>\n<p>It is the Bouzas neighborhood in Vigo, next to the port, where Puri walked and photographed the skins of the big ships as they rested after their voyages. As she says, \u201cI enjoy walking and observing the \u201cscars on their skins.\u201d What the sea does to them and how it transforms them.\u201d<\/p>\n<p>And precisely those steel skins with their scars after months at sea are the result of this wonderful collection with the taste of salt and the smell of the sea.<\/p>\n<p><strong>Product Features:<\/strong><br \/>\n&#8211; Material: <span style=\"font-family: -apple-system, BlinkMacSystemFont, 'Segoe UI', Roboto, Oxygen-Sans, Ubuntu, Cantarell, 'Helvetica Neue', sans-serif;\">Papel Hahnemu\u0308hle Photo Rag Satin 310 g<\/span><\/p>\n<p>&#8211; Design: Delicately textured surface \u00b7 Satin-gloss premium inkjet coating for outstanding print results. Base (semi-matte) 310 g\/m2 \u2022 ISO 9706 archive quality \u2022 100% Cotton \u2022 natural white cotton \u2022 pH neutral \u2022 moderate optical brighteners \u2022 alkaline reserve<\/p>\n<ul>\n<li>Tama\u00f1os: 20&#215;30 \/ 30&#215;40 \/40&#215;60 \/ 70&#215;100<\/li>\n<\/ul>\n<p><strong>Entrega:<\/strong><\/p>\n<ul>\n<li>Origen: Europa<\/li>\n<li>Tambi\u00e9n puedes venir a recogerlo a Vigo a nuestro espacio (Lar Atl\u00e1ntica). Manda un email para quedar a una hora (elena@neboaconcept.com)<\/li>\n<\/ul>\n<p>Cualquier incidencia puedes escribirnos a <strong>elena@neboaconcept.com<\/strong><\/p>\n","protected":false},"featured_media":78976,"comment_status":"closed","ping_status":"closed","template":"","meta":{"_acf_changed":false},"product_brand":[],"product_cat":[162],"product_tag":[],"supplier":[],"class_list":{"0":"post-79140","1":"product","2":"type-product","3":"status-publish","4":"has-post-thumbnail","6":"product_cat-atlantic-fashion-and-accessories-es","7":"product_shipping_class-proveedor2-es","9":"first","10":"instock","11":"shipping-taxable","12":"purchasable","13":"product-type-variable"},"acf":[],"yoast_head":"<!-- This site is optimized with the Yoast SEO plugin v24.4 - https:\/\/yoast.com\/wordpress\/plugins\/seo\/ -->\n<title>Atlantic Port II - N\u00e9boa Concept<\/title>\n<meta name=\"robots\" content=\"index, follow, max-snippet:-1, max-image-preview:large, max-video-preview:-1\" \/>\n<link rel=\"canonical\" href=\"https:\/\/neboaconcept.com\/es\/product\/atlantic-port-ii\/\" \/>\n<meta property=\"og:locale\" content=\"es_ES\" \/>\n<meta property=\"og:type\" content=\"article\" \/>\n<meta property=\"og:title\" content=\"Atlantic Port II - N\u00e9boa Concept\" \/>\n<meta property=\"og:description\" content=\"The ATLANTIC PORT series are made by Puri D\u00edaz exclusively for N\u00e9boa concept.  About the Artist:  Puri D\u00edaz was born&amp;raised in Vigo (Galicia), an Atlantic city with an industrial character but surrounded by spectacular white sand beaches and lush forests.  Puri always wanted to have a creative profession since she was a child and studied Fine Arts in Barcelona, where life took her before returning to Vigo.  She grew up surrounded by photos, paintings, drawings and boats made by her great-grandfather in a small workshop  She loves the smell of the sea and coffee.  And it is right next to the sea where she lives and where she was inspired for this series of photographs.  It is the Bouzas neighborhood in Vigo, next to the port, where Puri walked and photographed the skins of the big ships as they rested after their voyages. As she says, \u201cI enjoy walking and observing the \u201cscars on their skins.\u201d What the sea does to them and how it transforms them.\u201d  And precisely those steel skins with their scars after months at sea are the result of this wonderful collection with the taste of salt and the smell of the sea.  Product Features: - Material: Papel Hahnemu\u0308hle Photo Rag Satin 310 g  - Design: Delicately textured surface \u00b7 Satin-gloss premium inkjet coating for outstanding print results. Base (semi-matte) 310 g\/m2 \u2022 ISO 9706 archive quality \u2022 100% Cotton \u2022 natural white cotton \u2022 pH neutral \u2022 moderate optical brighteners \u2022 alkaline reserve   Tama\u00f1os: 20x30 \/ 30x40 \/40x60 \/ 70x100  Entrega:   Origen: Europa  Tambi\u00e9n puedes venir a recogerlo a Vigo a nuestro espacio (Lar Atl\u00e1ntica). Manda un email para quedar a una hora (elena@neboaconcept.com)  Cualquier incidencia puedes escribirnos a elena@neboaconcept.com\" \/>\n<meta property=\"og:url\" content=\"https:\/\/neboaconcept.com\/es\/product\/atlantic-port-ii\/\" \/>\n<meta property=\"og:site_name\" content=\"N\u00e9boa Concept\" \/>\n<meta name=\"twitter:card\" content=\"summary_large_image\" \/>\n<meta name=\"twitter:label1\" content=\"Tiempo de lectura\" \/>\n\t<meta name=\"twitter:data1\" content=\"2 minutos\" \/>\n<script type=\"application\/ld+json\" class=\"yoast-schema-graph\">{\"@context\":\"https:\/\/schema.org\",\"@graph\":[{\"@type\":\"WebPage\",\"@id\":\"https:\/\/neboaconcept.com\/es\/product\/atlantic-port-ii\/\",\"url\":\"https:\/\/neboaconcept.com\/es\/product\/atlantic-port-ii\/\",\"name\":\"Atlantic Port II - N\u00e9boa Concept\",\"isPartOf\":{\"@id\":\"https:\/\/neboaconcept.com\/es\/#website\"},\"primaryImageOfPage\":{\"@id\":\"https:\/\/neboaconcept.com\/es\/product\/atlantic-port-ii\/#primaryimage\"},\"image\":{\"@id\":\"https:\/\/neboaconcept.com\/es\/product\/atlantic-port-ii\/#primaryimage\"},\"thumbnailUrl\":\"https:\/\/neboaconcept.com\/wp-content\/uploads\/2025\/02\/WhatsApp-Image-2024-11-12-at-12.05.39.jpeg\",\"datePublished\":\"2025-02-05T11:29:07+00:00\",\"breadcrumb\":{\"@id\":\"https:\/\/neboaconcept.com\/es\/product\/atlantic-port-ii\/#breadcrumb\"},\"inLanguage\":\"es\",\"potentialAction\":[{\"@type\":\"ReadAction\",\"target\":[\"https:\/\/neboaconcept.com\/es\/product\/atlantic-port-ii\/\"]}]},{\"@type\":\"ImageObject\",\"inLanguage\":\"es\",\"@id\":\"https:\/\/neboaconcept.com\/es\/product\/atlantic-port-ii\/#primaryimage\",\"url\":\"https:\/\/neboaconcept.com\/wp-content\/uploads\/2025\/02\/WhatsApp-Image-2024-11-12-at-12.05.39.jpeg\",\"contentUrl\":\"https:\/\/neboaconcept.com\/wp-content\/uploads\/2025\/02\/WhatsApp-Image-2024-11-12-at-12.05.39.jpeg\",\"width\":1063,\"height\":1600},{\"@type\":\"BreadcrumbList\",\"@id\":\"https:\/\/neboaconcept.com\/es\/product\/atlantic-port-ii\/#breadcrumb\",\"itemListElement\":[{\"@type\":\"ListItem\",\"position\":1,\"name\":\"Home\",\"item\":\"https:\/\/neboaconcept.com\/es\/\"},{\"@type\":\"ListItem\",\"position\":2,\"name\":\"Shop\",\"item\":\"https:\/\/neboaconcept.com\/shop\/\"},{\"@type\":\"ListItem\",\"position\":3,\"name\":\"Atlantic Port II\"}]},{\"@type\":\"WebSite\",\"@id\":\"https:\/\/neboaconcept.com\/es\/#website\",\"url\":\"https:\/\/neboaconcept.com\/es\/\",\"name\":\"N\u00e9boa Concept\",\"description\":\"Atlantic Culture\",\"potentialAction\":[{\"@type\":\"SearchAction\",\"target\":{\"@type\":\"EntryPoint\",\"urlTemplate\":\"https:\/\/neboaconcept.com\/es\/?s={search_term_string}\"},\"query-input\":{\"@type\":\"PropertyValueSpecification\",\"valueRequired\":true,\"valueName\":\"search_term_string\"}}],\"inLanguage\":\"es\"}]}<\/script>\n<!-- \/ Yoast SEO plugin. -->","yoast_head_json":{"title":"Atlantic Port II - N\u00e9boa Concept","robots":{"index":"index","follow":"follow","max-snippet":"max-snippet:-1","max-image-preview":"max-image-preview:large","max-video-preview":"max-video-preview:-1"},"canonical":"https:\/\/neboaconcept.com\/es\/product\/atlantic-port-ii\/","og_locale":"es_ES","og_type":"article","og_title":"Atlantic Port II - N\u00e9boa Concept","og_description":"The ATLANTIC PORT series are made by Puri D\u00edaz exclusively for N\u00e9boa concept.  About the Artist:  Puri D\u00edaz was born&amp;raised in Vigo (Galicia), an Atlantic city with an industrial character but surrounded by spectacular white sand beaches and lush forests.  Puri always wanted to have a creative profession since she was a child and studied Fine Arts in Barcelona, where life took her before returning to Vigo.  She grew up surrounded by photos, paintings, drawings and boats made by her great-grandfather in a small workshop  She loves the smell of the sea and coffee.  And it is right next to the sea where she lives and where she was inspired for this series of photographs.  It is the Bouzas neighborhood in Vigo, next to the port, where Puri walked and photographed the skins of the big ships as they rested after their voyages. As she says, \u201cI enjoy walking and observing the \u201cscars on their skins.\u201d What the sea does to them and how it transforms them.\u201d  And precisely those steel skins with their scars after months at sea are the result of this wonderful collection with the taste of salt and the smell of the sea.  Product Features: - Material: Papel Hahnemu\u0308hle Photo Rag Satin 310 g  - Design: Delicately textured surface \u00b7 Satin-gloss premium inkjet coating for outstanding print results. Base (semi-matte) 310 g\/m2 \u2022 ISO 9706 archive quality \u2022 100% Cotton \u2022 natural white cotton \u2022 pH neutral \u2022 moderate optical brighteners \u2022 alkaline reserve   Tama\u00f1os: 20x30 \/ 30x40 \/40x60 \/ 70x100  Entrega:   Origen: Europa  Tambi\u00e9n puedes venir a recogerlo a Vigo a nuestro espacio (Lar Atl\u00e1ntica). Manda un email para quedar a una hora (elena@neboaconcept.com)  Cualquier incidencia puedes escribirnos a elena@neboaconcept.com","og_url":"https:\/\/neboaconcept.com\/es\/product\/atlantic-port-ii\/","og_site_name":"N\u00e9boa Concept","twitter_card":"summary_large_image","twitter_misc":{"Tiempo de lectura":"2 minutos"},"schema":{"@context":"https:\/\/schema.org","@graph":[{"@type":"WebPage","@id":"https:\/\/neboaconcept.com\/es\/product\/atlantic-port-ii\/","url":"https:\/\/neboaconcept.com\/es\/product\/atlantic-port-ii\/","name":"Atlantic Port II - N\u00e9boa Concept","isPartOf":{"@id":"https:\/\/neboaconcept.com\/es\/#website"},"primaryImageOfPage":{"@id":"https:\/\/neboaconcept.com\/es\/product\/atlantic-port-ii\/#primaryimage"},"image":{"@id":"https:\/\/neboaconcept.com\/es\/product\/atlantic-port-ii\/#primaryimage"},"thumbnailUrl":"https:\/\/neboaconcept.com\/wp-content\/uploads\/2025\/02\/WhatsApp-Image-2024-11-12-at-12.05.39.jpeg","datePublished":"2025-02-05T11:29:07+00:00","breadcrumb":{"@id":"https:\/\/neboaconcept.com\/es\/product\/atlantic-port-ii\/#breadcrumb"},"inLanguage":"es","potentialAction":[{"@type":"ReadAction","target":["https:\/\/neboaconcept.com\/es\/product\/atlantic-port-ii\/"]}]},{"@type":"ImageObject","inLanguage":"es","@id":"https:\/\/neboaconcept.com\/es\/product\/atlantic-port-ii\/#primaryimage","url":"https:\/\/neboaconcept.com\/wp-content\/uploads\/2025\/02\/WhatsApp-Image-2024-11-12-at-12.05.39.jpeg","contentUrl":"https:\/\/neboaconcept.com\/wp-content\/uploads\/2025\/02\/WhatsApp-Image-2024-11-12-at-12.05.39.jpeg","width":1063,"height":1600},{"@type":"BreadcrumbList","@id":"https:\/\/neboaconcept.com\/es\/product\/atlantic-port-ii\/#breadcrumb","itemListElement":[{"@type":"ListItem","position":1,"name":"Home","item":"https:\/\/neboaconcept.com\/es\/"},{"@type":"ListItem","position":2,"name":"Shop","item":"https:\/\/neboaconcept.com\/shop\/"},{"@type":"ListItem","position":3,"name":"Atlantic Port II"}]},{"@type":"WebSite","@id":"https:\/\/neboaconcept.com\/es\/#website","url":"https:\/\/neboaconcept.com\/es\/","name":"N\u00e9boa Concept","description":"Atlantic Culture","potentialAction":[{"@type":"SearchAction","target":{"@type":"EntryPoint","urlTemplate":"https:\/\/neboaconcept.com\/es\/?s={search_term_string}"},"query-input":{"@type":"PropertyValueSpecification","valueRequired":true,"valueName":"search_term_string"}}],"inLanguage":"es"}]}},"_links":{"self":[{"href":"https:\/\/neboaconcept.com\/es\/wp-json\/wp\/v2\/product\/79140","targetHints":{"allow":["GET"]}}],"collection":[{"href":"https:\/\/neboaconcept.com\/es\/wp-json\/wp\/v2\/product"}],"about":[{"href":"https:\/\/neboaconcept.com\/es\/wp-json\/wp\/v2\/types\/product"}],"replies":[{"embeddable":true,"href":"https:\/\/neboaconcept.com\/es\/wp-json\/wp\/v2\/comments?post=79140"}],"wp:featuredmedia":[{"embeddable":true,"href":"https:\/\/neboaconcept.com\/es\/wp-json\/wp\/v2\/media\/78976"}],"wp:attachment":[{"href":"https:\/\/neboaconcept.com\/es\/wp-json\/wp\/v2\/media?parent=79140"}],"wp:term":[{"taxonomy":"product_brand","embeddable":true,"href":"https:\/\/neboaconcept.com\/es\/wp-json\/wp\/v2\/product_brand?post=79140"},{"taxonomy":"product_cat","embeddable":true,"href":"https:\/\/neboaconcept.com\/es\/wp-json\/wp\/v2\/product_cat?post=79140"},{"taxonomy":"product_tag","embeddable":true,"href":"https:\/\/neboaconcept.com\/es\/wp-json\/wp\/v2\/product_tag?post=79140"},{"taxonomy":"supplier","embeddable":true,"href":"https:\/\/neboaconcept.com\/es\/wp-json\/wp\/v2\/supplier?post=79140"}],"curies":[{"name":"wp","href":"https:\/\/api.w.org\/{rel}","templated":true}]}}