{"id":79131,"date":"2025-02-05T12:10:41","date_gmt":"2025-02-05T12:10:41","guid":{"rendered":"https:\/\/neboaconcept.com\/product\/atlantic-port-iv\/"},"modified":"2025-02-05T12:10:41","modified_gmt":"2025-02-05T12:10:41","slug":"atlantic-port-iv","status":"publish","type":"product","link":"https:\/\/neboaconcept.com\/es\/product\/atlantic-port-iv\/","title":{"rendered":"Atlantic Port IV"},"content":{"rendered":"<p>Puri D\u00edaz naci\u00f3 y creci\u00f3 en Vigo (Galicia), una ciudad Atl\u00e1ntica con car\u00e1cter industrial pero rodeada de espectaculares playas de arena blanca y frondosos bosques.<br \/>\nPuri desde peque\u00f1a siempre quiso tener una profesi\u00f3n creativa y estudi\u00f3 Bellas Artes en Barcelona, ciudad donde la vida la llev\u00f3 antes de regresar de nuevo a Vigo.<br \/>\nSe cri\u00f3 rodeada de fotos, pinturas, dibujos y barcos hechos por su bisabuelo en un peque\u00f1o taller.<br \/>\nLe encanta el olor a mar y a caf\u00e9.<br \/>\nY es justo al lado del mar donde vive y donde se inspir\u00f3 para esta serie de fotograf\u00edas.<br \/>\nEs el barrio de Bouzas en Vigo, al lado del puerto, donde Puri pase\u00f3 y retrat\u00f3 las pieles de los grandes buques mientras reposaban despu\u00e9s de sus traves\u00edas. Como ella dice \u201cDisfruto paseando y observando las \u201ccicatrices de sus pieles\u201d. Lo que el mar les hace y c\u00f3mo los transforma.\u201d<br \/>\nY justo esas pieles de acero con sus cicatrices despu\u00e9s de meses en el mar es el resultado de esta maravillosa colecci\u00f3n con sabor a sal y olor a mar.<\/p>\n<p>&nbsp;<\/p>\n<p><strong>Detalles del producto:<\/strong><br \/>\n\u2013 Material:\u00a0Papel Hahnemu\u0308hle Photo Rag Satin 310 g<\/p>\n<p>\u2013 Dise\u00f1o: <span style=\"font-family: -apple-system, BlinkMacSystemFont, 'Segoe UI', Roboto, Oxygen-Sans, Ubuntu, Cantarell, 'Helvetica Neue', sans-serif;\">Base (semimate) 310 g\/m2 \u2022 calidad archivo ISO 9706 \u2022 100% Algodo\u0301n \u2022 blanco natural algodo\u0301n \u2022 pH neutro \u2022 blanqueadores o\u0301pticos moderados \u2022 reserva alcalina<\/span><\/p>\n<ul>\n<li>Tama\u00f1os: 20\u00d730 \/ 30\u00d740 \/40\u00d760 \/ 70\u00d7100<\/li>\n<\/ul>\n<p><strong>Entrega:<\/strong><\/p>\n<ul>\n<li>Origen: Europa<\/li>\n<li>Tambi\u00e9n puedes venir a recogerlo a Vigo a nuestro espacio (Lar Atl\u00e1ntica). Manda un email para quedar a una hora (elena@neboaconcept.com)<\/li>\n<\/ul>\n<p>Cualquier incidencia puedes escribirnos a\u00a0<strong>elena@neboaconcept.com<\/strong><\/p>\n","protected":false},"excerpt":{"rendered":"<p>The ATLANTIC PORT series are made by Puri D\u00edaz exclusively for N\u00e9boa concept.<\/p>\n<p><strong>About the Artist:<\/strong><\/p>\n<p>Puri D\u00edaz was born&amp;raised in Vigo (Galicia), an Atlantic city with an industrial character but surrounded by spectacular white sand beaches and lush forests.<\/p>\n<p>Puri always wanted to have a creative profession since she was a child and studied Fine Arts in Barcelona, where life took her before returning to Vigo.<\/p>\n<p>She grew up surrounded by photos, paintings, drawings and boats made by her great-grandfather in a small workshop<\/p>\n<p>She loves the smell of the sea and coffee.<\/p>\n<p>And it is right next to the sea where she lives and where she was inspired for this series of photographs.<\/p>\n<p>It is the Bouzas neighborhood in Vigo, next to the port, where Puri walked and photographed the skins of the big ships as they rested after their voyages. As she says, \u201cI enjoy walking and observing the \u201cscars on their skins.\u201d What the sea does to them and how it transforms them.\u201d<\/p>\n<p>And precisely those steel skins with their scars after months at sea are the result of this wonderful collection with the taste of salt and the smell of the sea.<\/p>\n<p><strong>Product Features:<\/strong><br \/>\n&#8211; Material: <span style=\"font-family: -apple-system, BlinkMacSystemFont, 'Segoe UI', Roboto, Oxygen-Sans, Ubuntu, Cantarell, 'Helvetica Neue', sans-serif;\">Papel Hahnemu\u0308hle Photo Rag Satin 310 g<\/span><\/p>\n<p>&#8211; Design: Delicately textured surface \u00b7 Satin-gloss premium inkjet coating for outstanding print results. Base (semi-matte) 310 g\/m2 \u2022 ISO 9706 archive quality \u2022 100% Cotton \u2022 natural white cotton \u2022 pH neutral \u2022 moderate optical brighteners \u2022 alkaline reserve<\/p>\n<ul>\n<li>Sizes: 20\u00d730 \/ 30\u00d740 \/40\u00d760 \/ 70\u00d7100<\/li>\n<\/ul>\n<p><strong>Shipping:<\/strong><\/p>\n<ul>\n<li>Origin: Europe<\/li>\n<li>The item is available for pick up in our space in Vigo (Lar Atl\u00e1ntica) email us for an appointment!<\/li>\n<\/ul>\n","protected":false},"featured_media":78990,"comment_status":"closed","ping_status":"closed","template":"","meta":{"_acf_changed":false},"product_brand":[],"product_cat":[162],"product_tag":[],"supplier":[],"class_list":{"0":"post-79131","1":"product","2":"type-product","3":"status-publish","4":"has-post-thumbnail","6":"product_cat-atlantic-fashion-and-accessories-es","7":"product_shipping_class-proveedor2-es","9":"first","10":"instock","11":"shipping-taxable","12":"purchasable","13":"product-type-variable"},"acf":[],"yoast_head":"<!-- This site is optimized with the Yoast SEO plugin v24.4 - https:\/\/yoast.com\/wordpress\/plugins\/seo\/ -->\n<title>Atlantic Port IV - N\u00e9boa Concept<\/title>\n<meta name=\"robots\" content=\"index, follow, max-snippet:-1, max-image-preview:large, max-video-preview:-1\" \/>\n<link rel=\"canonical\" href=\"https:\/\/neboaconcept.com\/es\/product\/atlantic-port-iv\/\" \/>\n<meta property=\"og:locale\" content=\"es_ES\" \/>\n<meta property=\"og:type\" content=\"article\" \/>\n<meta property=\"og:title\" content=\"Atlantic Port IV - N\u00e9boa Concept\" \/>\n<meta property=\"og:description\" content=\"The ATLANTIC PORT series are made by Puri D\u00edaz exclusively for N\u00e9boa concept.  About the Artist:  Puri D\u00edaz was born&amp;raised in Vigo (Galicia), an Atlantic city with an industrial character but surrounded by spectacular white sand beaches and lush forests.  Puri always wanted to have a creative profession since she was a child and studied Fine Arts in Barcelona, where life took her before returning to Vigo.  She grew up surrounded by photos, paintings, drawings and boats made by her great-grandfather in a small workshop  She loves the smell of the sea and coffee.  And it is right next to the sea where she lives and where she was inspired for this series of photographs.  It is the Bouzas neighborhood in Vigo, next to the port, where Puri walked and photographed the skins of the big ships as they rested after their voyages. As she says, \u201cI enjoy walking and observing the \u201cscars on their skins.\u201d What the sea does to them and how it transforms them.\u201d  And precisely those steel skins with their scars after months at sea are the result of this wonderful collection with the taste of salt and the smell of the sea.  Product Features: - Material: Papel Hahnemu\u0308hle Photo Rag Satin 310 g  - Design: Delicately textured surface \u00b7 Satin-gloss premium inkjet coating for outstanding print results. Base (semi-matte) 310 g\/m2 \u2022 ISO 9706 archive quality \u2022 100% Cotton \u2022 natural white cotton \u2022 pH neutral \u2022 moderate optical brighteners \u2022 alkaline reserve   Sizes: 20\u00d730 \/ 30\u00d740 \/40\u00d760 \/ 70\u00d7100  Shipping:   Origin: Europe  The item is available for pick up in our space in Vigo (Lar Atl\u00e1ntica) email us for an appointment!\" \/>\n<meta property=\"og:url\" content=\"https:\/\/neboaconcept.com\/es\/product\/atlantic-port-iv\/\" \/>\n<meta property=\"og:site_name\" content=\"N\u00e9boa Concept\" \/>\n<meta name=\"twitter:card\" content=\"summary_large_image\" \/>\n<meta name=\"twitter:label1\" content=\"Tiempo de lectura\" \/>\n\t<meta name=\"twitter:data1\" content=\"1 minuto\" \/>\n<script type=\"application\/ld+json\" class=\"yoast-schema-graph\">{\"@context\":\"https:\/\/schema.org\",\"@graph\":[{\"@type\":\"WebPage\",\"@id\":\"https:\/\/neboaconcept.com\/es\/product\/atlantic-port-iv\/\",\"url\":\"https:\/\/neboaconcept.com\/es\/product\/atlantic-port-iv\/\",\"name\":\"Atlantic Port IV - N\u00e9boa Concept\",\"isPartOf\":{\"@id\":\"https:\/\/neboaconcept.com\/es\/#website\"},\"primaryImageOfPage\":{\"@id\":\"https:\/\/neboaconcept.com\/es\/product\/atlantic-port-iv\/#primaryimage\"},\"image\":{\"@id\":\"https:\/\/neboaconcept.com\/es\/product\/atlantic-port-iv\/#primaryimage\"},\"thumbnailUrl\":\"https:\/\/neboaconcept.com\/wp-content\/uploads\/2025\/02\/WhatsApp-Image-2024-11-12-at-12.05.36.jpeg\",\"datePublished\":\"2025-02-05T12:10:41+00:00\",\"breadcrumb\":{\"@id\":\"https:\/\/neboaconcept.com\/es\/product\/atlantic-port-iv\/#breadcrumb\"},\"inLanguage\":\"es\",\"potentialAction\":[{\"@type\":\"ReadAction\",\"target\":[\"https:\/\/neboaconcept.com\/es\/product\/atlantic-port-iv\/\"]}]},{\"@type\":\"ImageObject\",\"inLanguage\":\"es\",\"@id\":\"https:\/\/neboaconcept.com\/es\/product\/atlantic-port-iv\/#primaryimage\",\"url\":\"https:\/\/neboaconcept.com\/wp-content\/uploads\/2025\/02\/WhatsApp-Image-2024-11-12-at-12.05.36.jpeg\",\"contentUrl\":\"https:\/\/neboaconcept.com\/wp-content\/uploads\/2025\/02\/WhatsApp-Image-2024-11-12-at-12.05.36.jpeg\",\"width\":1300,\"height\":1600},{\"@type\":\"BreadcrumbList\",\"@id\":\"https:\/\/neboaconcept.com\/es\/product\/atlantic-port-iv\/#breadcrumb\",\"itemListElement\":[{\"@type\":\"ListItem\",\"position\":1,\"name\":\"Home\",\"item\":\"https:\/\/neboaconcept.com\/es\/\"},{\"@type\":\"ListItem\",\"position\":2,\"name\":\"Shop\",\"item\":\"https:\/\/neboaconcept.com\/shop\/\"},{\"@type\":\"ListItem\",\"position\":3,\"name\":\"Atlantic Port IV\"}]},{\"@type\":\"WebSite\",\"@id\":\"https:\/\/neboaconcept.com\/es\/#website\",\"url\":\"https:\/\/neboaconcept.com\/es\/\",\"name\":\"N\u00e9boa Concept\",\"description\":\"Atlantic Culture\",\"potentialAction\":[{\"@type\":\"SearchAction\",\"target\":{\"@type\":\"EntryPoint\",\"urlTemplate\":\"https:\/\/neboaconcept.com\/es\/?s={search_term_string}\"},\"query-input\":{\"@type\":\"PropertyValueSpecification\",\"valueRequired\":true,\"valueName\":\"search_term_string\"}}],\"inLanguage\":\"es\"}]}<\/script>\n<!-- \/ Yoast SEO plugin. -->","yoast_head_json":{"title":"Atlantic Port IV - N\u00e9boa Concept","robots":{"index":"index","follow":"follow","max-snippet":"max-snippet:-1","max-image-preview":"max-image-preview:large","max-video-preview":"max-video-preview:-1"},"canonical":"https:\/\/neboaconcept.com\/es\/product\/atlantic-port-iv\/","og_locale":"es_ES","og_type":"article","og_title":"Atlantic Port IV - N\u00e9boa Concept","og_description":"The ATLANTIC PORT series are made by Puri D\u00edaz exclusively for N\u00e9boa concept.  About the Artist:  Puri D\u00edaz was born&amp;raised in Vigo (Galicia), an Atlantic city with an industrial character but surrounded by spectacular white sand beaches and lush forests.  Puri always wanted to have a creative profession since she was a child and studied Fine Arts in Barcelona, where life took her before returning to Vigo.  She grew up surrounded by photos, paintings, drawings and boats made by her great-grandfather in a small workshop  She loves the smell of the sea and coffee.  And it is right next to the sea where she lives and where she was inspired for this series of photographs.  It is the Bouzas neighborhood in Vigo, next to the port, where Puri walked and photographed the skins of the big ships as they rested after their voyages. As she says, \u201cI enjoy walking and observing the \u201cscars on their skins.\u201d What the sea does to them and how it transforms them.\u201d  And precisely those steel skins with their scars after months at sea are the result of this wonderful collection with the taste of salt and the smell of the sea.  Product Features: - Material: Papel Hahnemu\u0308hle Photo Rag Satin 310 g  - Design: Delicately textured surface \u00b7 Satin-gloss premium inkjet coating for outstanding print results. Base (semi-matte) 310 g\/m2 \u2022 ISO 9706 archive quality \u2022 100% Cotton \u2022 natural white cotton \u2022 pH neutral \u2022 moderate optical brighteners \u2022 alkaline reserve   Sizes: 20\u00d730 \/ 30\u00d740 \/40\u00d760 \/ 70\u00d7100  Shipping:   Origin: Europe  The item is available for pick up in our space in Vigo (Lar Atl\u00e1ntica) email us for an appointment!","og_url":"https:\/\/neboaconcept.com\/es\/product\/atlantic-port-iv\/","og_site_name":"N\u00e9boa Concept","twitter_card":"summary_large_image","twitter_misc":{"Tiempo de lectura":"1 minuto"},"schema":{"@context":"https:\/\/schema.org","@graph":[{"@type":"WebPage","@id":"https:\/\/neboaconcept.com\/es\/product\/atlantic-port-iv\/","url":"https:\/\/neboaconcept.com\/es\/product\/atlantic-port-iv\/","name":"Atlantic Port IV - N\u00e9boa Concept","isPartOf":{"@id":"https:\/\/neboaconcept.com\/es\/#website"},"primaryImageOfPage":{"@id":"https:\/\/neboaconcept.com\/es\/product\/atlantic-port-iv\/#primaryimage"},"image":{"@id":"https:\/\/neboaconcept.com\/es\/product\/atlantic-port-iv\/#primaryimage"},"thumbnailUrl":"https:\/\/neboaconcept.com\/wp-content\/uploads\/2025\/02\/WhatsApp-Image-2024-11-12-at-12.05.36.jpeg","datePublished":"2025-02-05T12:10:41+00:00","breadcrumb":{"@id":"https:\/\/neboaconcept.com\/es\/product\/atlantic-port-iv\/#breadcrumb"},"inLanguage":"es","potentialAction":[{"@type":"ReadAction","target":["https:\/\/neboaconcept.com\/es\/product\/atlantic-port-iv\/"]}]},{"@type":"ImageObject","inLanguage":"es","@id":"https:\/\/neboaconcept.com\/es\/product\/atlantic-port-iv\/#primaryimage","url":"https:\/\/neboaconcept.com\/wp-content\/uploads\/2025\/02\/WhatsApp-Image-2024-11-12-at-12.05.36.jpeg","contentUrl":"https:\/\/neboaconcept.com\/wp-content\/uploads\/2025\/02\/WhatsApp-Image-2024-11-12-at-12.05.36.jpeg","width":1300,"height":1600},{"@type":"BreadcrumbList","@id":"https:\/\/neboaconcept.com\/es\/product\/atlantic-port-iv\/#breadcrumb","itemListElement":[{"@type":"ListItem","position":1,"name":"Home","item":"https:\/\/neboaconcept.com\/es\/"},{"@type":"ListItem","position":2,"name":"Shop","item":"https:\/\/neboaconcept.com\/shop\/"},{"@type":"ListItem","position":3,"name":"Atlantic Port IV"}]},{"@type":"WebSite","@id":"https:\/\/neboaconcept.com\/es\/#website","url":"https:\/\/neboaconcept.com\/es\/","name":"N\u00e9boa Concept","description":"Atlantic Culture","potentialAction":[{"@type":"SearchAction","target":{"@type":"EntryPoint","urlTemplate":"https:\/\/neboaconcept.com\/es\/?s={search_term_string}"},"query-input":{"@type":"PropertyValueSpecification","valueRequired":true,"valueName":"search_term_string"}}],"inLanguage":"es"}]}},"_links":{"self":[{"href":"https:\/\/neboaconcept.com\/es\/wp-json\/wp\/v2\/product\/79131","targetHints":{"allow":["GET"]}}],"collection":[{"href":"https:\/\/neboaconcept.com\/es\/wp-json\/wp\/v2\/product"}],"about":[{"href":"https:\/\/neboaconcept.com\/es\/wp-json\/wp\/v2\/types\/product"}],"replies":[{"embeddable":true,"href":"https:\/\/neboaconcept.com\/es\/wp-json\/wp\/v2\/comments?post=79131"}],"wp:featuredmedia":[{"embeddable":true,"href":"https:\/\/neboaconcept.com\/es\/wp-json\/wp\/v2\/media\/78990"}],"wp:attachment":[{"href":"https:\/\/neboaconcept.com\/es\/wp-json\/wp\/v2\/media?parent=79131"}],"wp:term":[{"taxonomy":"product_brand","embeddable":true,"href":"https:\/\/neboaconcept.com\/es\/wp-json\/wp\/v2\/product_brand?post=79131"},{"taxonomy":"product_cat","embeddable":true,"href":"https:\/\/neboaconcept.com\/es\/wp-json\/wp\/v2\/product_cat?post=79131"},{"taxonomy":"product_tag","embeddable":true,"href":"https:\/\/neboaconcept.com\/es\/wp-json\/wp\/v2\/product_tag?post=79131"},{"taxonomy":"supplier","embeddable":true,"href":"https:\/\/neboaconcept.com\/es\/wp-json\/wp\/v2\/supplier?post=79131"}],"curies":[{"name":"wp","href":"https:\/\/api.w.org\/{rel}","templated":true}]}}